{"id":12,"date":"2026-01-02T23:34:25","date_gmt":"2026-01-02T23:34:25","guid":{"rendered":"https:\/\/orcagbs.com\/?page_id=12"},"modified":"2026-02-17T05:25:28","modified_gmt":"2026-02-17T05:25:28","slug":"cotiza-ahora","status":"publish","type":"page","link":"https:\/\/orcagbs.com\/es\/cotiza-ahora\/","title":{"rendered":"Cotiza ahora"},"content":{"rendered":"<div class=\"wpb-content-wrapper\"><p>[vc_row full_width=\u00bbstretch_row\u00bb css=\u00bb.vc_custom_1769033409453{margin-top: -100px !important;margin-bottom: -60px !important;padding-top: 37px !important;background-position: 0 0 !important;background-repeat: no-repeat !important;}\u00bb el_class=\u00bbbg\u00bb el_id=\u00bbcotiza-ahora\u00bb][vc_column][vc_column_text css=\u00bb\u00bb el_class=\u00bbcenter\u00bb]<\/p>\n<h3 class=\"custom-title\">Cotiza ahora<\/h3>\n<p>Env\u00edanos un mensaje y te responderemos a la brevedad.[\/vc_column_text][vc_row_inner][vc_column_inner width=\u00bb1\/2&#8243;][vc_column_text css=\u00bb\u00bb el_id=\u00bbdatos\u00bb]<\/p>\n<h5>Horario<\/h5>\n<p>Lunes a viernes, 9:00 \u2013 18:00 hrs<\/p>\n<h5>Tel\u00e9fono<\/h5>\n<p><a href=\"tel:+525550463400\">+52 55 5046 3400<\/a><\/p>\n<h5>Correo electr\u00f3nico<\/h5>\n<p><a href=\"mailto:info@orcagbs.com\">info@orcagbs.com<\/a><\/p>\n<h5>Direcci\u00f3n<\/h5>\n<p><iframe loading=\"lazy\" style=\"margin-top: 15px; border: 0;\" src=\"https:\/\/www.google.com\/maps\/embed?pb=!1m18!1m12!1m3!1d3764.8337699813874!2d-99.20224898881418!3d19.333018243777413!2m3!1f0!2f0!3f0!3m2!1i1024!2i768!4f13.1!3m3!1m2!1s0x85cdff6aa6e4d811%3A0xb33218687c59f059!2sAv%20Cd%20Universitaria%20286%2C%20piso%203%20col.%20Jardines%20del%20Pedregal%2C%20%C3%81%2001900%20Ciudad%20de%20M%C3%A9xico%2C%20CDMX!5e0!3m2!1ses!2smx!4v1768258201938!5m2!1ses!2smx\" width=\"600\" height=\"450\" allowfullscreen=\"allowfullscreen\"><\/iframe>[\/vc_column_text][\/vc_column_inner][vc_column_inner width=\u00bb1\/2&#8243;][vc_column_text css=\u00bb\u00bb]<\/p>\n<h4 style=\"text-align: center;\">Obt\u00e9n m\u00e1s informaci\u00f3n<\/h4>\n<p>D\u00e9janos tus datos y recibe nuestros precios orientativos al instante. En breve, un especialista de ORCA GBS se pondr\u00e1 en contacto contigo para enviarte una cotizaci\u00f3n personalizada.<br \/>\n\n<div class=\"wpcf7 no-js\" id=\"wpcf7-f117-o1\" lang=\"es-ES\" dir=\"ltr\" data-wpcf7-id=\"117\">\n<div class=\"screen-reader-response\"><p role=\"status\" aria-live=\"polite\" aria-atomic=\"true\"><\/p> <ul><\/ul><\/div>\n<form action=\"\/es\/wp-json\/wp\/v2\/pages\/12#wpcf7-f117-o1\" method=\"post\" class=\"wpcf7-form init\" aria-label=\"Formulario de contacto\" novalidate=\"novalidate\" data-status=\"init\">\n<fieldset class=\"hidden-fields-container\"><input type=\"hidden\" name=\"_wpcf7\" value=\"117\" \/><input type=\"hidden\" name=\"_wpcf7_version\" value=\"6.1.5\" \/><input type=\"hidden\" name=\"_wpcf7_locale\" value=\"es_ES\" \/><input type=\"hidden\" name=\"_wpcf7_unit_tag\" value=\"wpcf7-f117-o1\" \/><input type=\"hidden\" name=\"_wpcf7_container_post\" value=\"0\" \/><input type=\"hidden\" name=\"_wpcf7_posted_data_hash\" value=\"\" \/>\n<\/fieldset>\n<p><span class=\"wpcf7-form-control-wrap\" data-name=\"your-name\"><input size=\"40\" maxlength=\"400\" class=\"wpcf7-form-control wpcf7-text wpcf7-validates-as-required\" autocomplete=\"name\" aria-required=\"true\" aria-invalid=\"false\" placeholder=\"Nombre*\" value=\"\" type=\"text\" name=\"your-name\" \/><\/span>\n<\/p>\n<p><span class=\"wpcf7-form-control-wrap\" data-name=\"your-email\"><input size=\"40\" maxlength=\"400\" class=\"wpcf7-form-control wpcf7-email wpcf7-validates-as-required wpcf7-text wpcf7-validates-as-email\" autocomplete=\"email\" aria-required=\"true\" aria-invalid=\"false\" placeholder=\"Email*\" value=\"\" type=\"email\" name=\"your-email\" \/><\/span>\n<\/p>\n<p><span class=\"wpcf7-form-control-wrap\" data-name=\"tel-97\"><input size=\"40\" maxlength=\"400\" class=\"wpcf7-form-control wpcf7-tel wpcf7-validates-as-required wpcf7-text wpcf7-validates-as-tel\" aria-required=\"true\" aria-invalid=\"false\" placeholder=\"Tel\u00e9fono\" value=\"\" type=\"tel\" name=\"tel-97\" \/><\/span>\n<\/p>\n<p><span class=\"wpcf7-form-control-wrap\" data-name=\"your-subject\"><input size=\"40\" maxlength=\"400\" class=\"wpcf7-form-control wpcf7-text wpcf7-validates-as-required\" aria-required=\"true\" aria-invalid=\"false\" placeholder=\"Asunto*\" value=\"\" type=\"text\" name=\"your-subject\" \/><\/span>\n<\/p>\n<p><span class=\"wpcf7-form-control-wrap\" data-name=\"your-message\"><textarea cols=\"40\" rows=\"10\" maxlength=\"2000\" class=\"wpcf7-form-control wpcf7-textarea\" aria-invalid=\"false\" placeholder=\"Mensaje\" name=\"your-message\"><\/textarea><\/span>\n<\/p>\n<p><input class=\"wpcf7-form-control wpcf7-submit has-spinner\" type=\"submit\" value=\"Enviar\" \/>\n<\/p><div class=\"wpcf7-response-output\" aria-hidden=\"true\"><\/div>\n<\/form>\n<\/div>\n[\/vc_column_text][\/vc_column_inner][\/vc_row_inner][vc_empty_space][\/vc_column][\/vc_row]<\/p>\n<\/div>","protected":false},"excerpt":{"rendered":"<p>[vc_row full_width=\u00bbstretch_row\u00bb css=\u00bb.vc_custom_1769033409453{margin-top: -100px !important;margin-bottom: -60px !important;padding-top: 37px !important;background-position: 0 0 !important;background-repeat: no-repeat !important;}\u00bb el_class=\u00bbbg\u00bb el_id=\u00bbcotiza-ahora\u00bb][vc_column][vc_column_text css=\u00bb\u00bb el_class=\u00bbcenter\u00bb] Cotiza ahora Env\u00edanos un mensaje y te responderemos a la brevedad.[\/vc_column_text][vc_row_inner][vc_column_inner width=\u00bb1\/2&#8243;][vc_column_text css=\u00bb\u00bb el_id=\u00bbdatos\u00bb] Horario Lunes a viernes, 9:00 \u2013 18:00 hrs Tel\u00e9fono +52 55 5046 3400 Correo electr\u00f3nico info@orcagbs.com Direcci\u00f3n [\/vc_column_text][\/vc_column_inner][vc_column_inner width=\u00bb1\/2&#8243;][vc_column_text css=\u00bb\u00bb] Obt\u00e9n m\u00e1s informaci\u00f3n &#8230; <a title=\"Cotiza ahora\" class=\"read-more\" href=\"https:\/\/orcagbs.com\/es\/cotiza-ahora\/\" aria-label=\"Leer m\u00e1s sobre Cotiza ahora\">Leer m\u00e1s<\/a><\/p>\n","protected":false},"author":1,"featured_media":0,"parent":0,"menu_order":0,"comment_status":"closed","ping_status":"closed","template":"","meta":{"footnotes":""},"class_list":["post-12","page","type-page","status-publish"],"_links":{"self":[{"href":"https:\/\/orcagbs.com\/es\/wp-json\/wp\/v2\/pages\/12","targetHints":{"allow":["GET"]}}],"collection":[{"href":"https:\/\/orcagbs.com\/es\/wp-json\/wp\/v2\/pages"}],"about":[{"href":"https:\/\/orcagbs.com\/es\/wp-json\/wp\/v2\/types\/page"}],"author":[{"embeddable":true,"href":"https:\/\/orcagbs.com\/es\/wp-json\/wp\/v2\/users\/1"}],"replies":[{"embeddable":true,"href":"https:\/\/orcagbs.com\/es\/wp-json\/wp\/v2\/comments?post=12"}],"version-history":[{"count":16,"href":"https:\/\/orcagbs.com\/es\/wp-json\/wp\/v2\/pages\/12\/revisions"}],"predecessor-version":[{"id":616,"href":"https:\/\/orcagbs.com\/es\/wp-json\/wp\/v2\/pages\/12\/revisions\/616"}],"wp:attachment":[{"href":"https:\/\/orcagbs.com\/es\/wp-json\/wp\/v2\/media?parent=12"}],"curies":[{"name":"wp","href":"https:\/\/api.w.org\/{rel}","templated":true}]}}