{"id":432,"date":"2026-02-05T02:34:06","date_gmt":"2026-02-05T02:34:06","guid":{"rendered":"https:\/\/orcagbs.com\/?page_id=432"},"modified":"2026-02-20T01:49:33","modified_gmt":"2026-02-20T01:49:33","slug":"nosotros","status":"publish","type":"page","link":"https:\/\/orcagbs.com\/es\/nosotros\/","title":{"rendered":"Nosotros"},"content":{"rendered":"<div class=\"wpb-content-wrapper\"><p>[vc_row full_width=\u00bbstretch_row\u00bb el_class=\u00bbcustom-margin\u00bb][vc_column][vc_column_text css=\u00bb\u00bb]Con <strong>Orca GBS (Global Business Services)<\/strong>, tu comunicaci\u00f3n multiling\u00fce no solo fluye: funciona, protege tu operaci\u00f3n y ampl\u00eda tu alcance global. En ORCA GBS\u00a0impulsamos la comunicaci\u00f3n global de empresas que operan en entornos altamente especializados. Ofrecemos <strong>traducci\u00f3n industrial, legal y farmac\u00e9utica<\/strong>, as\u00ed como <strong>servicios de interpretaci\u00f3n<\/strong> \u2014conferencias, simult\u00e1nea, consecutiva y a distancia\u2014 respaldados por <strong>renta de equipo profesional<\/strong>.<\/p>\n<p>Elegir Orca GBS es apostar por <strong>13 a\u00f1os de experiencia<\/strong> ofreciendo soluciones ling\u00fc\u00edsticas confiables para entornos exigentes. Integramos traducci\u00f3n especializada, interpretaci\u00f3n profesional y renta de equipo de interpretaci\u00f3n de alto nivel en una propuesta estrat\u00e9gica dise\u00f1ada para <strong>reducir riesgos y maximizar resultados<\/strong>.<\/p>\n<p>Nos diferenciamos por nuestro conocimiento sectorial, procesos rigurosos, tecnolog\u00eda actualizada y un enfoque orientado al negocio. Cada proyecto es atendido por especialistas que garantizan <strong>precisi\u00f3n, confidencialidad y cumplimiento normativo<\/strong>.<\/p>\n<p style=\"text-align: center;\"><strong>Orca GBS: idiomas que trabajan para tu negocio.<\/strong><\/p>\n<p>[\/vc_column_text][vc_column_text css=\u00bb\u00bb el_class=\u00bbiso-languages\u00bb]EN \ud83c\uddfa\ud83c\uddf8 \u00b7 ES \ud83c\uddf2\ud83c\uddfd \u00b7 PT \ud83c\udde7\ud83c\uddf7 \u00b7 FR \ud83c\uddeb\ud83c\uddf7 \u00b7 DE \ud83c\udde9\ud83c\uddea \u00b7 ZH \ud83c\udde8\ud83c\uddf3 \u00b7 JA \ud83c\uddef\ud83c\uddf5[\/vc_column_text][\/vc_column][\/vc_row][vc_row full_width=\u00bbstretch_row\u00bb css=\u00bb.vc_custom_1770258278273{padding-top: 45px !important;padding-bottom: 45px !important;background-color: #F3F4F7 !important;}\u00bb el_id=\u00bbtestimoniales\u00bb][vc_column][vc_row_inner][vc_column_inner width=\u00bb1\/3&#8243;][vc_single_image image=\u00bb330&#8243; img_size=\u00bbfull\u00bb css=\u00bb\u00bb][\/vc_column_inner][vc_column_inner width=\u00bb2\/3&#8243;][vc_text_separator title=\u00bb\u00bfPOR QU\u00c9 NOSOTROS?\u00bb color=\u00bbcustom\u00bb border_width=\u00bb2&#8243; css=\u00bb\u00bb accent_color=\u00bb#EBEBEB\u00bb el_class=\u00bbsemibold\u00bb][vc_column_text css_animation=\u00bbfadeInUp\u00bb css=\u00bb\u00bb el_class=\u00bbcustom-list\u00bb]<span class=\"orca-check\">\u2713<\/span> No usamos freelancers improvisados[\/vc_column_text][vc_column_text css_animation=\u00bbfadeInUp\u00bb css=\u00bb\u00bb el_class=\u00bbcustom-list\u00bb]<span class=\"orca-check\">\u2713<\/span> No traducciones autom\u00e1ticas sin criterio[\/vc_column_text][vc_column_text css_animation=\u00bbfadeInUp\u00bb css=\u00bb\u00bb el_class=\u00bbcustom-list\u00bb]<span class=\"orca-check\">\u2713<\/span> No promesas infladas[\/vc_column_text][vc_column_text css_animation=\u00bbfadeInUp\u00bb css=\u00bb\u00bb el_class=\u00bbcustom-list\u00bb]<span class=\"orca-check\">\u2713<\/span> S\u00ed experiencia real[\/vc_column_text][vc_column_text css_animation=\u00bbfadeInUp\u00bb css=\u00bb\u00bb el_class=\u00bbcustom-list\u00bb]<span class=\"orca-check\">\u2713<\/span> S\u00ed confidencialidad[\/vc_column_text][vc_column_text css_animation=\u00bbfadeInUp\u00bb css=\u00bb\u00bb el_class=\u00bbcustom-list\u00bb]<span class=\"orca-check\">\u2713<\/span> S\u00ed criterio humano[\/vc_column_text][vc_column_text css=\u00bb.vc_custom_1770262013404{margin-top: 25px !important;}\u00bb el_class=\u00bbcenter\u00bb]<a class=\"orca-saber-mas\" href=\"\/cotiza-ahora\">Cotiza ahora <span class=\"orca-arrow\" aria-hidden=\"true\">\u2192<\/span><\/a>[\/vc_column_text][\/vc_column_inner][\/vc_row_inner][\/vc_column][\/vc_row][vc_row css=\u00bb.vc_custom_1770259694983{padding-top: 35px !important;padding-bottom: 35px !important;}\u00bb][vc_column][vc_column_text css=\u00bb\u00bb el_class=\u00bbcenter\u00bb]<\/p>\n<h3 class=\"custom-title\">Testimoniales<\/h3>\n<p>Historias reales de clientes que han confiado en nuestros servicios.[\/vc_column_text][vc_raw_html css=\u00bb\u00bb]JTIwJTIwJTNDc2VjdGlvbiUyMGNsYXNzJTNEJTIydGVzdGltb25pYWxzJTIyJTIwYXJpYS1sYWJlbCUzRCUyMlRlc3RpbW9uaWFsZXMlMjIlM0UlMEElMjAlMjAlMjAlM0NkaXYlMjBjbGFzcyUzRCUyMnRlc3RpbW9uaWFsc19fdmlld3BvcnQlMjIlM0UlMEElMjAlMjAlMjAlMjAlMjAlMjAlM0NhcnRpY2xlJTIwY2xhc3MlM0QlMjJ0ZXN0aW1vbmlhbCUyMiUzRSUwQSUyMCUyMCUyMCUyMCUyMCUyMCUyMCUyMCUzQ3AlMjBjbGFzcyUzRCUyMnRlc3RpbW9uaWFsX190ZXh0JTIyJTNFJTBBJTIwJTIwJTIwJTIwJTIwJTIwJTIwJTIwJTIwJTIwJUUyJTgwJTlDT3JjYSUyMG5vcyUyMGhhJTIwYWNvbXBhJUMzJUIxYWRvJTIwcG9yJTIwYSVDMyVCMW9zJTIwZW4lMjB0cmFkdWNjaW9uZXMlMjBlc3RyYXQlQzMlQTlnaWNhcy4lMjBQcmVjaXNpJUMzJUIzbiUyMGFic29sdXRhJTIweSUyMGVudHJlZ2ElMjBwdW50dWFsLiVFMiU4MCU5RCUwQSUyMCUyMCUyMCUyMCUyMCUyMCUyMCUyMCUzQyUyRnAlM0UlMEElMjAlMjAlMjAlMjAlMjAlMjAlMjAlMjAlM0NkaXYlMjBjbGFzcyUzRCUyMnRlc3RpbW9uaWFsX19tZXRhJTIyJTNFJTBBJTIwJTIwJTIwJTIwJTIwJTIwJTIwJTIwJTIwJTIwJTNDc3BhbiUyMGNsYXNzJTNEJTIydGVzdGltb25pYWxfX25hbWUlMjIlM0VBZGVsYSUyME1hcnQlQzMlQURuZXolM0MlMkZzcGFuJTNFJTBBJTIwJTIwJTIwJTIwJTIwJTIwJTIwJTIwJTIwJTIwJTNDc3BhbiUyMGNsYXNzJTNEJTIydGVzdGltb25pYWxfX3JvbGUlMjIlM0UlRTIlODAlOTQlMjBEaXJlY3RvcmElMjBMZWdhbCUyQyUyME5vdmElMjBDb25mZXJlbmNpYXMlM0MlMkZzcGFuJTNFJTBBJTIwJTIwJTIwJTIwJTIwJTIwJTIwJTIwJTNDJTJGZGl2JTNFJTBBJTIwJTIwJTIwJTIwJTIwJTIwJTNDJTJGYXJ0aWNsZSUzRSUwQSUwQSUyMCUyMCUyMCUyMCUyMCUyMCUzQ2FydGljbGUlMjBjbGFzcyUzRCUyMnRlc3RpbW9uaWFsJTIyJTNFJTBBJTIwJTIwJTIwJTIwJTIwJTIwJTIwJTIwJTNDcCUyMGNsYXNzJTNEJTIydGVzdGltb25pYWxfX3RleHQlMjIlM0UlMEElMjAlMjAlMjAlMjAlMjAlMjAlMjAlMjAlMjAlMjAlRTIlODAlOUNQcm9mZXNpb25hbGVzJTIweSUyMGNvbmZpYWJsZXMuJTIwU3UlMjBpbnRlcnByZXRhY2klQzMlQjNuJTIwc2ltdWx0JUMzJUExbmVhJTIwbm9zJTIwcGVybWl0aSVDMyVCMyUyMGNlcnJhciUyMGFjdWVyZG9zJTIwaW1wb3J0YW50ZXMuJUUyJTgwJTlEJTBBJTIwJTIwJTIwJTIwJTIwJTIwJTIwJTIwJTNDJTJGcCUzRSUwQSUyMCUyMCUyMCUyMCUyMCUyMCUyMCUyMCUzQ2RpdiUyMGNsYXNzJTNEJTIydGVzdGltb25pYWxfX21ldGElMjIlM0UlMEElMjAlMjAlMjAlMjAlMjAlMjAlMjAlMjAlMjAlMjAlM0NzcGFuJTIwY2xhc3MlM0QlMjJ0ZXN0aW1vbmlhbF9fbmFtZSUyMiUzRUplcyVDMyVCQXMlMjBMJUMzJUIzcGV6JTNDJTJGc3BhbiUzRSUwQSUyMCUyMCUyMCUyMCUyMCUyMCUyMCUyMCUyMCUyMCUzQ3NwYW4lMjBjbGFzcyUzRCUyMnRlc3RpbW9uaWFsX19yb2xlJTIyJTNFVlAlMjBkZSUyME9wZXJhY2lvbmVzJTIwJUMyJUI3JTIwVGVjbm9MaW5nJUMzJUJDYSUzQyUyRnNwYW4lM0UlMEElMjAlMjAlMjAlMjAlMjAlMjAlMjAlMjAlM0MlMkZkaXYlM0UlMEElMjAlMjAlMjAlMjAlMjAlMjAlM0MlMkZhcnRpY2xlJTNFJTBBJTIwJTIwJTIwJTIwJTIwJTIwJTBBJTIwJTIwJTIwJTIwJTIwJTIwJTNDYXJ0aWNsZSUyMGNsYXNzJTNEJTIydGVzdGltb25pYWwlMjIlM0UlMEElMjAlMjAlMjAlMjAlMjAlMjAlMjAlMjAlM0NwJTIwY2xhc3MlM0QlMjJ0ZXN0aW1vbmlhbF9fdGV4dCUyMiUzRSUwQSUyMCUyMCUyMCUyMCUyMCUyMCUyMCUyMCUyMCUyMCVFMiU4MCU5Q09yY2ElMjBub3MlMjBoYSUyMGFjb21wYSVDMyVCMWFkbyUyMHBvciUyMGElQzMlQjFvcyUyMGVuJTIwdHJhZHVjY2lvbmVzJTIwZXN0cmF0JUMzJUE5Z2ljYXMuJTIwUHJlY2lzaSVDMyVCM24lMjBhYnNvbHV0YSUyMHklMjBlbnRyZWdhJTIwcHVudHVhbC4lRTIlODAlOUQlMEElMjAlMjAlMjAlMjAlMjAlMjAlMjAlMjAlM0MlMkZwJTNFJTBBJTIwJTIwJTIwJTIwJTIwJTIwJTIwJTIwJTNDZGl2JTIwY2xhc3MlM0QlMjJ0ZXN0aW1vbmlhbF9fbWV0YSUyMiUzRSUwQSUyMCUyMCUyMCUyMCUyMCUyMCUyMCUyMCUyMCUyMCUzQ3NwYW4lMjBjbGFzcyUzRCUyMnRlc3RpbW9uaWFsX19uYW1lJTIyJTNFQWRlbGElMjBNYXJ0JUMzJUFEbmV6JTNDJTJGc3BhbiUzRSUwQSUyMCUyMCUyMCUyMCUyMCUyMCUyMCUyMCUyMCUyMCUzQ3NwYW4lMjBjbGFzcyUzRCUyMnRlc3RpbW9uaWFsX19yb2xlJTIyJTNFJUUyJTgwJTk0JTIwRGlyZWN0b3JhJTIwTGVnYWwlMkMlMjBOb3ZhJTIwQ29uZmVyZW5jaWFzJTNDJTJGc3BhbiUzRSUwQSUyMCUyMCUyMCUyMCUyMCUyMCUyMCUyMCUzQyUyRmRpdiUzRSUwQSUyMCUyMCUyMCUyMCUyMCUyMCUzQyUyRmFydGljbGUlM0UlMEElMjAlMjAlMjAlMjAlM0MlMkZkaXYlM0UlMEElMEElMjAlMjAlMjAlMjAlM0NwJTIwY2xhc3MlM0QlMjJ0ZXN0aW1vbmlhbHNfX2hpbnQlMjIlM0VEZXNsaXphJTIwcGFyYSUyMHZlciUyMG0lQzMlQTFzJTIwJUUyJTg2JTkyJTNDJTJGcCUzRSUwQSUyMCUyMCUzQyUyRnNlY3Rpb24lM0U=[\/vc_raw_html][\/vc_column][\/vc_row][vc_row full_width=\u00bbstretch_row\u00bb content_placement=\u00bbmiddle\u00bb css=\u00bb.vc_custom_1770259538689{margin-top: -100px !important;margin-bottom: -60px !important;padding-top: 37px !important;background-position: 0 0 !important;background-repeat: no-repeat !important;}\u00bb el_class=\u00bbgradiente\u00bb][vc_column width=\u00bb3\/4&#8243;][vc_column_text css=\u00bb\u00bb el_class=\u00bbwhite\u00bb]<\/p>\n<h3 class=\"white semibold\">Solicita una cotizaci\u00f3n a la medida<\/h3>\n<p class=\"smaller\">Cu\u00e9ntanos qu\u00e9 necesitas y recibe una propuesta clara por parte de nuestro equipo.<\/p>\n<p>[\/vc_column_text][\/vc_column][vc_column width=\u00bb1\/4&#8243;][vc_raw_html css=\u00bb\u00bb]JTNDYSUyMGNsYXNzJTNEJTIyYnRuMiUyMiUyMGhyZWYlM0QlMjIlMkZjb3RpemEtYWhvcmElMjIlM0VDb3RpemElMjBhaG9yYSUzQyUyRmElM0U=[\/vc_raw_html][\/vc_column][\/vc_row]<\/p>\n<\/div>","protected":false},"excerpt":{"rendered":"<p>[vc_row full_width=\u00bbstretch_row\u00bb el_class=\u00bbcustom-margin\u00bb][vc_column][vc_column_text css=\u00bb\u00bb]Con Orca GBS (Global Business Services), tu comunicaci\u00f3n multiling\u00fce no solo fluye: funciona, protege tu operaci\u00f3n y ampl\u00eda tu alcance global. En ORCA GBS\u00a0impulsamos la comunicaci\u00f3n global de empresas que operan en entornos altamente especializados. Ofrecemos traducci\u00f3n industrial, legal y farmac\u00e9utica, as\u00ed como servicios de interpretaci\u00f3n \u2014conferencias, simult\u00e1nea, consecutiva y a distancia\u2014 &#8230; <a title=\"Nosotros\" class=\"read-more\" href=\"https:\/\/orcagbs.com\/es\/nosotros\/\" aria-label=\"Leer m\u00e1s sobre Nosotros\">Leer m\u00e1s<\/a><\/p>\n","protected":false},"author":1,"featured_media":0,"parent":0,"menu_order":0,"comment_status":"closed","ping_status":"closed","template":"","meta":{"footnotes":""},"class_list":["post-432","page","type-page","status-publish"],"_links":{"self":[{"href":"https:\/\/orcagbs.com\/es\/wp-json\/wp\/v2\/pages\/432","targetHints":{"allow":["GET"]}}],"collection":[{"href":"https:\/\/orcagbs.com\/es\/wp-json\/wp\/v2\/pages"}],"about":[{"href":"https:\/\/orcagbs.com\/es\/wp-json\/wp\/v2\/types\/page"}],"author":[{"embeddable":true,"href":"https:\/\/orcagbs.com\/es\/wp-json\/wp\/v2\/users\/1"}],"replies":[{"embeddable":true,"href":"https:\/\/orcagbs.com\/es\/wp-json\/wp\/v2\/comments?post=432"}],"version-history":[{"count":14,"href":"https:\/\/orcagbs.com\/es\/wp-json\/wp\/v2\/pages\/432\/revisions"}],"predecessor-version":[{"id":773,"href":"https:\/\/orcagbs.com\/es\/wp-json\/wp\/v2\/pages\/432\/revisions\/773"}],"wp:attachment":[{"href":"https:\/\/orcagbs.com\/es\/wp-json\/wp\/v2\/media?parent=432"}],"curies":[{"name":"wp","href":"https:\/\/api.w.org\/{rel}","templated":true}]}}