{"id":456,"date":"2026-02-05T03:10:31","date_gmt":"2026-02-05T03:10:31","guid":{"rendered":"https:\/\/orcagbs.com\/?page_id=456"},"modified":"2026-02-20T01:41:05","modified_gmt":"2026-02-20T01:41:05","slug":"renta-equipo-interpretacion","status":"publish","type":"page","link":"https:\/\/orcagbs.com\/es\/renta-equipo-interpretacion\/","title":{"rendered":"Renta de equipo de interpretaci\u00f3n"},"content":{"rendered":"<div class=\"wpb-content-wrapper\"><p>[vc_row full_width=\u00bbstretch_row\u00bb content_placement=\u00bbmiddle\u00bb css=\u00bb.vc_custom_1770845212438{margin-top: -100px !important;padding-top: 50px !important;padding-bottom: 50px !important;}\u00bb][vc_column width=\u00bb1\/2&#8243;][vc_column_text css=\u00bb\u00bb]<\/p>\n<h1>Renta de equipo de interpretaci\u00f3n<\/h1>\n<p>[\/vc_column_text][vc_column_text css=\u00bb\u00bb el_class=\u00bbcustom-margin2&#8243;]Renta de equipo profesional para interpretaci\u00f3n simult\u00e1nea: cabinas, body packs, receptores y micr\u00f3fonos que garantizan audio claro y transmisi\u00f3n confiable en eventos multiling\u00fces. Tecnolog\u00eda precisa para que cada mensaje llegue sin interferencias.[\/vc_column_text][vc_raw_html]JTNDYSUyMGNsYXNzJTNEJTIyYnRuJTIyJTIwaHJlZiUzRCUyMiUyM2luZm8lMjIlM0VTYWJlciUyMG0lQzMlQTFzJTNDJTJGYSUzRQ==[\/vc_raw_html][\/vc_column][vc_column width=\u00bb1\/2&#8243;][vc_single_image image=\u00bb606&#8243; img_size=\u00bbfull\u00bb alignment=\u00bbcenter\u00bb css=\u00bb\u00bb][\/vc_column][\/vc_row][vc_row full_width=\u00bbstretch_row\u00bb css=\u00bb.vc_custom_1770844569304{padding-top: 45px !important;padding-bottom: 45px !important;background-color: #F3F4F7 !important;}\u00bb el_id=\u00bbinfo\u00bb el_class=\u00bbcustom-margin\u00bb][vc_column][vc_column_text css=\u00bb\u00bb]En <strong>ORCA GBS<\/strong> respaldamos tus eventos multiling\u00fces con equipo profesional de interpretaci\u00f3n simult\u00e1nea: cabinas insonorizadas, body packs, micr\u00f3fonos, receptores y pantallas. Nuestra tecnolog\u00eda garantiza audio claro, transmisi\u00f3n estable y una experiencia fluida para ponentes y asistentes. Nos encargamos de la instalaci\u00f3n, pruebas t\u00e9cnicas y soporte durante el evento, asegurando que cada mensaje se escuche con precisi\u00f3n, sin interrupciones ni fallas t\u00e9cnicas.<\/p>\n<p style=\"text-align: center;\"><strong>Orca GBS: idiomas que trabajan para tu negocio.<\/strong><\/p>\n<p>[\/vc_column_text][vc_column_text css=\u00bb\u00bb el_class=\u00bbiso-languages\u00bb]EN \ud83c\uddfa\ud83c\uddf8 \u00b7 ES \ud83c\uddf2\ud83c\uddfd \u00b7 PT \ud83c\udde7\ud83c\uddf7 \u00b7 FR \ud83c\uddeb\ud83c\uddf7 \u00b7 DE \ud83c\udde9\ud83c\uddea \u00b7 ZH \ud83c\udde8\ud83c\uddf3 \u00b7 JA \ud83c\uddef\ud83c\uddf5[\/vc_column_text][\/vc_column][\/vc_row][vc_row full_width=\u00bbstretch_row\u00bb css=\u00bb.vc_custom_1770845386523{padding-top: 60px !important;padding-bottom: 60px !important;}\u00bb el_id=\u00bbproceso\u00bb el_class=\u00bbgradiente\u00bb][vc_column][vc_text_separator title=\u00bbC\u00d3MO OPERAMOS\u00bb color=\u00bbcustom\u00bb border_width=\u00bb2&#8243; css=\u00bb\u00bb accent_color=\u00bb#FFFFFF00&#8243; el_class=\u00bbwhite semibold\u00bb][vc_row_inner el_class=\u00bbwhite\u00bb][vc_column_inner width=\u00bb1\/4&#8243;][vc_raw_html css=\u00bb\u00bb el_class=\u00bbcenter\u00bb]JTNDaSUyMGNsYXNzJTNEJTIyZmEtcmVndWxhciUyMGZhLWNvbW1lbnRzJTIyJTNFJTNDJTJGaSUzRSUwQSUzQ3AlMjBjbGFzcyUzRCUyMnN0ZXBzLXRpdGxlJTIyJTNFMS4lMjBDdSVDMyVBOW50YW5vcyUyMHR1JTIwcHJveWVjdG8lM0MlMkZwJTNFJTBBJTNDcCUyMGNsYXNzJTNEJTIyc3RlcHMlMjIlM0VJbmQlQzMlQURjYW5vcyUyMGxvcyUyMGRldGFsbGVzJTIwY29tbyUyMGlkaW9tYSUyQyUyMHRpcG8lMjBkZSUyMGRvY3VtZW50byUyMHklMjBvYmpldGl2by4lM0MlMkZwJTNF[\/vc_raw_html][\/vc_column_inner][vc_column_inner width=\u00bb1\/4&#8243;][vc_raw_html css=\u00bb\u00bb el_class=\u00bbcenter\u00bb]JTNDaSUyMGNsYXNzJTNEJTIyZmEtc29saWQlMjBmYS11c2VyLWNoZWNrJTIyJTNFJTNDJTJGaSUzRSUwQSUzQ3AlMjBjbGFzcyUzRCUyMnN0ZXBzLXRpdGxlJTIyJTNFMi4lMjBBc2lnbmFtb3MlMjBhbCUyMGV4cGVydG8lM0MlMkZwJTNFJTBBJTNDcCUyMGNsYXNzJTNEJTIyc3RlcHMlMjIlM0VTZWxlY2Npb25hbW9zJTIwYWwlMjBlc3BlY2lhbGlzdGElMjBuYXRpdm8lMjBzZWclQzMlQkFuJTIwdHUlMjBpbmR1c3RyaWElMjB5JTIwbmVjZXNpZGFkZXMuJTNDJTJGcCUzRQ==[\/vc_raw_html][\/vc_column_inner][vc_column_inner width=\u00bb1\/4&#8243;][vc_raw_html css=\u00bb\u00bb el_class=\u00bbcenter\u00bb]JTNDaSUyMGNsYXNzJTNEJTIyZmEtcmVndWxhciUyMGZhLWZpbGUtbGluZXMlMjIlM0UlM0MlMkZpJTNFJTBBJTNDcCUyMGNsYXNzJTNEJTIyc3RlcHMtdGl0bGUlMjIlM0UzLiUyMFJlY2liZXMlMjB0dSUyMGNvdGl6YWNpJUMzJUIzbiUzQyUyRnAlM0UlMEElM0NwJTIwY2xhc3MlM0QlMjJzdGVwcyUyMiUzRVRlJTIwZW52aWFtb3MlMjBhJTIwbGElMjBicmV2ZWRhZCUyMHVuJTIwcHJlc3VwdWVzdG8lMjBjbGFybyUyMGNvbiUyMHRpZW1wb3MlMjByZWFsZXMuJTNDJTJGcCUzRQ==[\/vc_raw_html][\/vc_column_inner][vc_column_inner width=\u00bb1\/4&#8243;][vc_raw_html css=\u00bb\u00bb el_class=\u00bbcenter\u00bb]JTNDaSUyMGNsYXNzJTNEJTIyZmEtc29saWQlMjBmYS1jaXJjbGUtY2hlY2slMjIlM0UlM0MlMkZpJTNFJTBBJTNDcCUyMGNsYXNzJTNEJTIyc3RlcHMtdGl0bGUlMjIlM0U0LiUyMFRyYWR1Y2ltb3MlMjB5JTIwdmFsaWRhbW9zJTNDJTJGcCUzRSUwQSUzQ3AlMjBjbGFzcyUzRCUyMnN0ZXBzJTIyJTNFRW50cmVnYW1vcyUyMHR1JTIwY29udGVuaWRvJTIwcHJlY2lzbyUyQyUyMHJldmlzYWRvJTIweSUyMGxpc3RvJTIwZW4lMjBlbCUyMHBsYXpvJTIwYWNvcmRhZG8uJTNDJTJGcCUzRQ==[\/vc_raw_html][\/vc_column_inner][\/vc_row_inner][\/vc_column][\/vc_row][vc_row css=\u00bb.vc_custom_1770859214090{padding-top: 50px !important;padding-bottom: 50px !important;}\u00bb][vc_column width=\u00bb1\/6&#8243;][\/vc_column][vc_column width=\u00bb2\/3&#8243;][vc_column_text css=\u00bb\u00bb el_class=\u00bbcenter\u00bb]<\/p>\n<h3 class=\"custom-title\">FAQ<\/h3>\n<p>Resolvemos las dudas m\u00e1s comunes sobre este servicio.[\/vc_column_text][vc_toggle title=\u00bb\u00bfQu\u00e9 incluye el servicio de renta?\u00bb css=\u00bb\u00bb]Incluye cabinas de interpretaci\u00f3n, transmisores, receptores, body packs, micr\u00f3fonos y soporte t\u00e9cnico durante el evento.[\/vc_toggle][vc_toggle title=\u00bb\u00bfEl equipo incluye instalaci\u00f3n?\u00bb css=\u00bb\u00bb]S\u00ed. Nuestro equipo t\u00e9cnico instala, prueba y supervisa el funcionamiento antes y durante el evento.[\/vc_toggle][vc_toggle title=\u00bb\u00bfPara qu\u00e9 tipo de eventos es recomendable?\u00bb css=\u00bb\u00bb]Congresos, conferencias, capacitaciones, juntas corporativas, eventos gubernamentales y cualquier encuentro multiling\u00fce.[\/vc_toggle][vc_toggle title=\u00bb\u00bfCu\u00e1ntos asistentes pueden usar el sistema?\u00bb css=\u00bb\u00bb]El equipo se adapta al tama\u00f1o del evento. Podemos proveer receptores para grupos peque\u00f1os o auditorios completos.[\/vc_toggle][vc_toggle title=\u00bb\u00bfEl audio es realmente simult\u00e1neo?\u00bb css=\u00bb\u00bb]S\u00ed. La interpretaci\u00f3n se transmite en tiempo real a trav\u00e9s de receptores individuales, sin retrasos perceptibles.[\/vc_toggle][vc_toggle title=\u00bb\u00bfSe puede rentar sin contratar int\u00e9rpretes?\u00bb css=\u00bb\u00bb]S\u00ed. El servicio puede contratarse de forma independiente o junto con nuestros servicios de interpretaci\u00f3n profesional.[\/vc_toggle][\/vc_column][vc_column width=\u00bb1\/6&#8243;][\/vc_column][\/vc_row][vc_row full_width=\u00bbstretch_row\u00bb css=\u00bb.vc_custom_1770845321837{margin-top: -5px !important;margin-bottom: -60px !important;padding-top: 37px !important;background-position: 0 0 !important;background-repeat: no-repeat !important;}\u00bb el_class=\u00bbbg\u00bb el_id=\u00bbcotiza-ahora\u00bb][vc_column][vc_column_text css=\u00bb\u00bb el_class=\u00bbcenter\u00bb]<\/p>\n<h3 class=\"custom-title\">Cotiza ahora<\/h3>\n<p>Env\u00edanos un mensaje y te responderemos a la brevedad.[\/vc_column_text][vc_row_inner][vc_column_inner width=\u00bb1\/2&#8243;][vc_column_text css=\u00bb\u00bb el_id=\u00bbdatos\u00bb]<\/p>\n<h5>Horario<\/h5>\n<p>Lunes a viernes, 9:00 \u2013 18:00 hrs<\/p>\n<h5>Tel\u00e9fono<\/h5>\n<p><a href=\"tel:+525550463400\">+52 55 5046 3400<\/a><\/p>\n<h5>Correo electr\u00f3nico<\/h5>\n<p><a href=\"mailto:info@orcagbs.com\">info@orcagbs.com<\/a><\/p>\n<h5>Direcci\u00f3n<\/h5>\n<p><iframe loading=\"lazy\" style=\"margin-top: 15px; border: 0;\" src=\"https:\/\/www.google.com\/maps\/embed?pb=!1m18!1m12!1m3!1d3764.8337699813874!2d-99.20224898881418!3d19.333018243777413!2m3!1f0!2f0!3f0!3m2!1i1024!2i768!4f13.1!3m3!1m2!1s0x85cdff6aa6e4d811%3A0xb33218687c59f059!2sAv%20Cd%20Universitaria%20286%2C%20piso%203%20col.%20Jardines%20del%20Pedregal%2C%20%C3%81%2001900%20Ciudad%20de%20M%C3%A9xico%2C%20CDMX!5e0!3m2!1ses!2smx!4v1768258201938!5m2!1ses!2smx\" width=\"600\" height=\"450\" allowfullscreen=\"allowfullscreen\"><\/iframe>[\/vc_column_text][\/vc_column_inner][vc_column_inner width=\u00bb1\/2&#8243;][vc_column_text css=\u00bb\u00bb]<\/p>\n<h4 style=\"text-align: center;\">Obt\u00e9n m\u00e1s informaci\u00f3n<\/h4>\n<p>D\u00e9janos tus datos y recibe nuestros precios orientativos al instante. En breve, un especialista de ORCA GBS se pondr\u00e1 en contacto contigo para enviarte una cotizaci\u00f3n personalizada.<br \/>\n\n<div class=\"wpcf7 no-js\" id=\"wpcf7-f117-o1\" lang=\"es-ES\" dir=\"ltr\" data-wpcf7-id=\"117\">\n<div class=\"screen-reader-response\"><p role=\"status\" aria-live=\"polite\" aria-atomic=\"true\"><\/p> <ul><\/ul><\/div>\n<form action=\"\/es\/wp-json\/wp\/v2\/pages\/456#wpcf7-f117-o1\" method=\"post\" class=\"wpcf7-form init\" aria-label=\"Formulario de contacto\" novalidate=\"novalidate\" data-status=\"init\">\n<fieldset class=\"hidden-fields-container\"><input type=\"hidden\" name=\"_wpcf7\" value=\"117\" \/><input type=\"hidden\" name=\"_wpcf7_version\" value=\"6.1.5\" \/><input type=\"hidden\" name=\"_wpcf7_locale\" value=\"es_ES\" \/><input type=\"hidden\" name=\"_wpcf7_unit_tag\" value=\"wpcf7-f117-o1\" \/><input type=\"hidden\" name=\"_wpcf7_container_post\" value=\"0\" \/><input type=\"hidden\" name=\"_wpcf7_posted_data_hash\" value=\"\" \/>\n<\/fieldset>\n<p><span class=\"wpcf7-form-control-wrap\" data-name=\"your-name\"><input size=\"40\" maxlength=\"400\" class=\"wpcf7-form-control wpcf7-text wpcf7-validates-as-required\" autocomplete=\"name\" aria-required=\"true\" aria-invalid=\"false\" placeholder=\"Nombre*\" value=\"\" type=\"text\" name=\"your-name\" \/><\/span>\n<\/p>\n<p><span class=\"wpcf7-form-control-wrap\" data-name=\"your-email\"><input size=\"40\" maxlength=\"400\" class=\"wpcf7-form-control wpcf7-email wpcf7-validates-as-required wpcf7-text wpcf7-validates-as-email\" autocomplete=\"email\" aria-required=\"true\" aria-invalid=\"false\" placeholder=\"Email*\" value=\"\" type=\"email\" name=\"your-email\" \/><\/span>\n<\/p>\n<p><span class=\"wpcf7-form-control-wrap\" data-name=\"tel-97\"><input size=\"40\" maxlength=\"400\" class=\"wpcf7-form-control wpcf7-tel wpcf7-validates-as-required wpcf7-text wpcf7-validates-as-tel\" aria-required=\"true\" aria-invalid=\"false\" placeholder=\"Tel\u00e9fono\" value=\"\" type=\"tel\" name=\"tel-97\" \/><\/span>\n<\/p>\n<p><span class=\"wpcf7-form-control-wrap\" data-name=\"your-subject\"><input size=\"40\" maxlength=\"400\" class=\"wpcf7-form-control wpcf7-text wpcf7-validates-as-required\" aria-required=\"true\" aria-invalid=\"false\" placeholder=\"Asunto*\" value=\"\" type=\"text\" name=\"your-subject\" \/><\/span>\n<\/p>\n<p><span class=\"wpcf7-form-control-wrap\" data-name=\"your-message\"><textarea cols=\"40\" rows=\"10\" maxlength=\"2000\" class=\"wpcf7-form-control wpcf7-textarea\" aria-invalid=\"false\" placeholder=\"Mensaje\" name=\"your-message\"><\/textarea><\/span>\n<\/p>\n<p><input class=\"wpcf7-form-control wpcf7-submit has-spinner\" type=\"submit\" value=\"Enviar\" \/>\n<\/p><div class=\"wpcf7-response-output\" aria-hidden=\"true\"><\/div>\n<\/form>\n<\/div>\n[\/vc_column_text][\/vc_column_inner][\/vc_row_inner][vc_empty_space][\/vc_column][\/vc_row]<\/p>\n<\/div>","protected":false},"excerpt":{"rendered":"<p>[vc_row full_width=\u00bbstretch_row\u00bb content_placement=\u00bbmiddle\u00bb css=\u00bb.vc_custom_1770845212438{margin-top: -100px !important;padding-top: 50px !important;padding-bottom: 50px !important;}\u00bb][vc_column width=\u00bb1\/2&#8243;][vc_column_text css=\u00bb\u00bb] Renta de equipo de interpretaci\u00f3n [\/vc_column_text][vc_column_text css=\u00bb\u00bb el_class=\u00bbcustom-margin2&#8243;]Renta de equipo profesional para interpretaci\u00f3n simult\u00e1nea: cabinas, body packs, receptores y micr\u00f3fonos que garantizan audio claro y transmisi\u00f3n confiable en eventos multiling\u00fces. Tecnolog\u00eda precisa para que cada mensaje llegue sin interferencias.[\/vc_column_text][vc_raw_html]JTNDYSUyMGNsYXNzJTNEJTIyYnRuJTIyJTIwaHJlZiUzRCUyMiUyM2luZm8lMjIlM0VTYWJlciUyMG0lQzMlQTFzJTNDJTJGYSUzRQ==[\/vc_raw_html][\/vc_column][vc_column width=\u00bb1\/2&#8243;][vc_single_image image=\u00bb606&#8243; img_size=\u00bbfull\u00bb alignment=\u00bbcenter\u00bb &#8230; <a title=\"Renta de equipo de interpretaci\u00f3n\" class=\"read-more\" href=\"https:\/\/orcagbs.com\/es\/renta-equipo-interpretacion\/\" aria-label=\"Leer m\u00e1s sobre Renta de equipo de interpretaci\u00f3n\">Leer m\u00e1s<\/a><\/p>\n","protected":false},"author":1,"featured_media":606,"parent":0,"menu_order":0,"comment_status":"closed","ping_status":"closed","template":"","meta":{"footnotes":""},"class_list":["post-456","page","type-page","status-publish","has-post-thumbnail"],"_links":{"self":[{"href":"https:\/\/orcagbs.com\/es\/wp-json\/wp\/v2\/pages\/456","targetHints":{"allow":["GET"]}}],"collection":[{"href":"https:\/\/orcagbs.com\/es\/wp-json\/wp\/v2\/pages"}],"about":[{"href":"https:\/\/orcagbs.com\/es\/wp-json\/wp\/v2\/types\/page"}],"author":[{"embeddable":true,"href":"https:\/\/orcagbs.com\/es\/wp-json\/wp\/v2\/users\/1"}],"replies":[{"embeddable":true,"href":"https:\/\/orcagbs.com\/es\/wp-json\/wp\/v2\/comments?post=456"}],"version-history":[{"count":8,"href":"https:\/\/orcagbs.com\/es\/wp-json\/wp\/v2\/pages\/456\/revisions"}],"predecessor-version":[{"id":764,"href":"https:\/\/orcagbs.com\/es\/wp-json\/wp\/v2\/pages\/456\/revisions\/764"}],"wp:featuredmedia":[{"embeddable":true,"href":"https:\/\/orcagbs.com\/es\/wp-json\/wp\/v2\/media\/606"}],"wp:attachment":[{"href":"https:\/\/orcagbs.com\/es\/wp-json\/wp\/v2\/media?parent=456"}],"curies":[{"name":"wp","href":"https:\/\/api.w.org\/{rel}","templated":true}]}}